{"id":5771,"date":"2025-06-18T12:02:26","date_gmt":"2025-06-18T15:02:26","guid":{"rendered":"https:\/\/nagyconsulting.com.br\/contacto\/"},"modified":"2025-07-05T21:28:54","modified_gmt":"2025-07-06T00:28:54","slug":"contacto","status":"publish","type":"page","link":"https:\/\/nagyconsulting.com.br\/es\/contacto\/","title":{"rendered":"contacto"},"content":{"rendered":"\t\t<div data-elementor-type=\"wp-post\" data-elementor-id=\"5771\" class=\"elementor elementor-5771 elementor-4019\" data-elementor-settings=\"{&quot;ha_cmc_init_switcher&quot;:&quot;no&quot;}\" data-elementor-post-type=\"page\">\n\t\t\t\t<div class=\"elementor-element elementor-element-3881e02 e-flex e-con-boxed e-con e-parent\" data-id=\"3881e02\" data-element_type=\"container\" data-settings=\"{&quot;background_background&quot;:&quot;classic&quot;,&quot;_ha_eqh_enable&quot;:false}\">\n\t\t\t\t\t<div class=\"e-con-inner\">\n\t\t<div class=\"elementor-element elementor-element-70ab44f e-con-full elementor-hidden-mobile e-flex e-con e-child\" data-id=\"70ab44f\" data-element_type=\"container\" data-settings=\"{&quot;_ha_eqh_enable&quot;:false}\">\n\t\t\t\t<div class=\"elementor-element elementor-element-272b92d elementor-widget elementor-widget-heading\" data-id=\"272b92d\" data-element_type=\"widget\" data-widget_type=\"heading.default\">\n\t\t\t\t<div class=\"elementor-widget-container\">\n\t\t\t\t\t<h1 class=\"elementor-heading-title elementor-size-default\">contacto<\/h1>\t\t\t\t<\/div>\n\t\t\t\t<\/div>\n\t\t\t\t<div class=\"elementor-element elementor-element-ba5bdfd elementor-widget elementor-widget-text-editor\" data-id=\"ba5bdfd\" data-element_type=\"widget\" data-widget_type=\"text-editor.default\">\n\t\t\t\t<div class=\"elementor-widget-container\">\n\t\t\t\t\t\t\t\t\t<p>Cont\u00e1ctanos a trav\u00e9s de nuestros canales o llena el formulario a continuaci\u00f3n<\/p>\t\t\t\t\t\t\t\t<\/div>\n\t\t\t\t<\/div>\n\t\t\t\t<\/div>\n\t\t\t\t\t<\/div>\n\t\t\t\t<\/div>\n\t\t<div class=\"elementor-element elementor-element-7743507 e-flex e-con-boxed e-con e-parent\" data-id=\"7743507\" data-element_type=\"container\" data-settings=\"{&quot;background_background&quot;:&quot;classic&quot;,&quot;_ha_eqh_enable&quot;:false}\">\n\t\t\t\t\t<div class=\"e-con-inner\">\n\t\t<div class=\"elementor-element elementor-element-c22633a e-con-full e-flex e-con e-child\" data-id=\"c22633a\" data-element_type=\"container\" data-settings=\"{&quot;_ha_eqh_enable&quot;:false}\">\n\t\t\t\t<div class=\"elementor-element elementor-element-fffc173 elementor-hidden-desktop elementor-hidden-laptop elementor-hidden-tablet elementor-widget elementor-widget-heading\" data-id=\"fffc173\" data-element_type=\"widget\" data-widget_type=\"heading.default\">\n\t\t\t\t<div class=\"elementor-widget-container\">\n\t\t\t\t\t<h1 class=\"elementor-heading-title elementor-size-default\">contacto<\/h1>\t\t\t\t<\/div>\n\t\t\t\t<\/div>\n\t\t\t\t<\/div>\n\t\t<div class=\"elementor-element elementor-element-4608af0 e-con-full e-flex e-con e-child\" data-id=\"4608af0\" data-element_type=\"container\" data-settings=\"{&quot;_ha_eqh_enable&quot;:false}\">\n\t\t<div class=\"elementor-element elementor-element-29e4f1a e-con-full e-flex e-con e-child\" data-id=\"29e4f1a\" data-element_type=\"container\" data-settings=\"{&quot;_ha_eqh_enable&quot;:false}\">\n\t\t<div class=\"elementor-element elementor-element-b78defa e-con-full e-flex e-con e-child\" data-id=\"b78defa\" data-element_type=\"container\" data-settings=\"{&quot;_ha_eqh_enable&quot;:false}\">\n\t\t\t\t<div class=\"elementor-element elementor-element-4fcb830 elementor-button-align-stretch elementor-widget elementor-widget-form\" data-id=\"4fcb830\" data-element_type=\"widget\" data-settings=\"{&quot;button_width&quot;:&quot;25&quot;,&quot;step_next_label&quot;:&quot;Next&quot;,&quot;step_previous_label&quot;:&quot;Previous&quot;,&quot;step_type&quot;:&quot;number_text&quot;,&quot;step_icon_shape&quot;:&quot;circle&quot;}\" data-widget_type=\"form.default\">\n\t\t\t\t<div class=\"elementor-widget-container\">\n\t\t\t\t\t\t\t<form class=\"elementor-form\" method=\"post\" name=\"New Form\">\n\t\t\t<input type=\"hidden\" name=\"post_id\" value=\"5771\"\/>\n\t\t\t<input type=\"hidden\" name=\"form_id\" value=\"4fcb830\"\/>\n\t\t\t<input type=\"hidden\" name=\"referer_title\" value=\"contacto - Nagy Consulting\" \/>\n\n\t\t\t\t\t\t\t<input type=\"hidden\" name=\"queried_id\" value=\"5771\"\/>\n\t\t\t\n\t\t\t<div class=\"elementor-form-fields-wrapper elementor-labels-above\">\n\t\t\t\t\t\t\t\t<div class=\"elementor-field-type-text elementor-field-group elementor-column elementor-field-group-name elementor-col-100\">\n\t\t\t\t\t\t\t\t\t\t\t\t\t<input size=\"1\" type=\"text\" name=\"form_fields[name]\" id=\"form-field-name\" class=\"elementor-field elementor-size-sm  elementor-field-textual\" placeholder=\"Nombre\">\n\t\t\t\t\t\t\t\t\t\t\t<\/div>\n\t\t\t\t\t\t\t\t<div class=\"elementor-field-type-email elementor-field-group elementor-column elementor-field-group-email elementor-col-100 elementor-field-required\">\n\t\t\t\t\t\t\t\t\t\t\t\t\t<input size=\"1\" type=\"email\" name=\"form_fields[email]\" id=\"form-field-email\" class=\"elementor-field elementor-size-sm  elementor-field-textual\" placeholder=\"Email\" required=\"required\">\n\t\t\t\t\t\t\t\t\t\t\t<\/div>\n\t\t\t\t\t\t\t\t<div class=\"elementor-field-type-textarea elementor-field-group elementor-column elementor-field-group-message elementor-col-100\">\n\t\t\t\t\t<textarea class=\"elementor-field-textual elementor-field  elementor-size-sm\" name=\"form_fields[message]\" id=\"form-field-message\" rows=\"4\" placeholder=\"Mensaje\"><\/textarea>\t\t\t\t<\/div>\n\t\t\t\t\t\t\t\t<div class=\"elementor-field-group elementor-column elementor-field-type-submit elementor-col-25 e-form__buttons\">\n\t\t\t\t\t<button class=\"elementor-button elementor-size-sm\" type=\"submit\">\n\t\t\t\t\t\t<span class=\"elementor-button-content-wrapper\">\n\t\t\t\t\t\t\t\t\t\t\t\t\t\t\t\t\t\t\t\t\t\t<span class=\"elementor-button-text\">enviar<\/span>\n\t\t\t\t\t\t\t\t\t\t\t\t\t<\/span>\n\t\t\t\t\t<\/button>\n\t\t\t\t<\/div>\n\t\t\t<\/div>\n\t\t<\/form>\n\t\t\t\t\t\t<\/div>\n\t\t\t\t<\/div>\n\t\t\t\t<div class=\"elementor-element elementor-element-005b0c2 elementor-hidden-mobile elementor-widget elementor-widget-spacer\" data-id=\"005b0c2\" data-element_type=\"widget\" data-widget_type=\"spacer.default\">\n\t\t\t\t<div class=\"elementor-widget-container\">\n\t\t\t\t\t\t\t<div class=\"elementor-spacer\">\n\t\t\t<div class=\"elementor-spacer-inner\"><\/div>\n\t\t<\/div>\n\t\t\t\t\t\t<\/div>\n\t\t\t\t<\/div>\n\t\t\t\t<div class=\"elementor-element elementor-element-6bec8b5 elementor-hidden-mobile elementor-widget elementor-widget-text-editor\" data-id=\"6bec8b5\" data-element_type=\"widget\" data-widget_type=\"text-editor.default\">\n\t\t\t\t<div class=\"elementor-widget-container\">\n\t\t\t\t\t\t\t\t\t<p>Atendemos de forma presencial en la Esta\u00e7\u00e3o Coworking en Pinheiros, S\u00e3o Paulo. Agenda tu cita con antelaci\u00f3n a trav\u00e9s de nuestros canales de contacto.<\/p>\t\t\t\t\t\t\t\t<\/div>\n\t\t\t\t<\/div>\n\t\t\t\t<\/div>\n\t\t<div class=\"elementor-element elementor-element-b874830 e-con-full e-flex e-con e-child\" data-id=\"b874830\" data-element_type=\"container\" data-settings=\"{&quot;_ha_eqh_enable&quot;:false}\">\n\t\t<div class=\"elementor-element elementor-element-7865bed e-con-full e-flex e-con e-child\" data-id=\"7865bed\" data-element_type=\"container\" data-settings=\"{&quot;_ha_eqh_enable&quot;:false}\">\n\t\t<div class=\"elementor-element elementor-element-5195c00 e-con-full e-flex e-con e-child\" data-id=\"5195c00\" data-element_type=\"container\" data-settings=\"{&quot;_ha_eqh_enable&quot;:false}\">\n\t\t\t\t<div class=\"elementor-element elementor-element-1a11ce9 elementor-widget-mobile__width-auto elementor-hidden-desktop elementor-hidden-laptop elementor-hidden-tablet elementor-widget elementor-widget-image\" data-id=\"1a11ce9\" data-element_type=\"widget\" data-widget_type=\"image.default\">\n\t\t\t\t<div class=\"elementor-widget-container\">\n\t\t\t\t\t\t\t\t\t\t\t\t\t\t\t\t<a href=\"https:\/\/www.linkedin.com\/company\/nagyconsulting\/\" target=\"_blank\">\n\t\t\t\t\t\t\t<img decoding=\"async\" width=\"36\" height=\"37\" src=\"https:\/\/nagyconsulting.com.br\/wp-content\/uploads\/2025\/06\/linkedin.webp\" class=\"attachment-large size-large wp-image-4236\" alt=\"\" \/>\t\t\t\t\t\t\t\t<\/a>\n\t\t\t\t\t\t\t\t\t\t\t\t\t\t\t<\/div>\n\t\t\t\t<\/div>\n\t\t\t\t<div class=\"elementor-element elementor-element-5080e02 elementor-widget-mobile__width-auto elementor-hidden-desktop elementor-hidden-laptop elementor-hidden-tablet elementor-widget elementor-widget-image\" data-id=\"5080e02\" data-element_type=\"widget\" data-widget_type=\"image.default\">\n\t\t\t\t<div class=\"elementor-widget-container\">\n\t\t\t\t\t\t\t\t\t\t\t\t\t\t\t\t<a href=\"https:\/\/www.instagram.com\/nagyconsulting\/\" target=\"_blank\">\n\t\t\t\t\t\t\t<img decoding=\"async\" width=\"37\" height=\"37\" src=\"https:\/\/nagyconsulting.com.br\/wp-content\/uploads\/2025\/06\/instagram.webp\" class=\"attachment-large size-large wp-image-4234\" alt=\"\" \/>\t\t\t\t\t\t\t\t<\/a>\n\t\t\t\t\t\t\t\t\t\t\t\t\t\t\t<\/div>\n\t\t\t\t<\/div>\n\t\t\t\t<div class=\"elementor-element elementor-element-34e27b7 elementor-position-left elementor-mobile-position-left elementor-widget-mobile__width-auto elementor-view-default elementor-widget elementor-widget-icon-box\" data-id=\"34e27b7\" data-element_type=\"widget\" data-widget_type=\"icon-box.default\">\n\t\t\t\t<div class=\"elementor-widget-container\">\n\t\t\t\t\t\t\t<div class=\"elementor-icon-box-wrapper\">\n\n\t\t\t\t\t\t<div class=\"elementor-icon-box-icon\">\n\t\t\t\t<a href=\"https:\/\/wa.me\/5511991000612\" target=\"_blank\" class=\"elementor-icon\" tabindex=\"-1\" aria-label=\"(11) 99100 0612\">\n\t\t\t\t<i aria-hidden=\"true\" class=\"fab fa-whatsapp\"><\/i>\t\t\t\t<\/a>\n\t\t\t<\/div>\n\t\t\t\n\t\t\t\t\t\t<div class=\"elementor-icon-box-content\">\n\n\t\t\t\t\t\t\t\t\t<h3 class=\"elementor-icon-box-title\">\n\t\t\t\t\t\t<a href=\"https:\/\/wa.me\/5511991000612\" target=\"_blank\" >\n\t\t\t\t\t\t\t(11) 99100 0612\t\t\t\t\t\t<\/a>\n\t\t\t\t\t<\/h3>\n\t\t\t\t\n\t\t\t\t\n\t\t\t<\/div>\n\t\t\t\n\t\t<\/div>\n\t\t\t\t\t\t<\/div>\n\t\t\t\t<\/div>\n\t\t\t\t<\/div>\n\t\t\t\t<div class=\"elementor-element elementor-element-c3f73d3 elementor-widget elementor-widget-spacer\" data-id=\"c3f73d3\" data-element_type=\"widget\" data-widget_type=\"spacer.default\">\n\t\t\t\t<div class=\"elementor-widget-container\">\n\t\t\t\t\t\t\t<div class=\"elementor-spacer\">\n\t\t\t<div class=\"elementor-spacer-inner\"><\/div>\n\t\t<\/div>\n\t\t\t\t\t\t<\/div>\n\t\t\t\t<\/div>\n\t\t\t\t<div class=\"elementor-element elementor-element-5ce1368 elementor-widget elementor-widget-heading\" data-id=\"5ce1368\" data-element_type=\"widget\" data-widget_type=\"heading.default\">\n\t\t\t\t<div class=\"elementor-widget-container\">\n\t\t\t\t\t<h2 class=\"elementor-heading-title elementor-size-default\"><a href=\"mailto:contato@nagyconsulting.com.br\">contato@nagyconsulting.com.br<\/a><\/h2>\t\t\t\t<\/div>\n\t\t\t\t<\/div>\n\t\t\t\t<div class=\"elementor-element elementor-element-2ea288b elementor-widget elementor-widget-spacer\" data-id=\"2ea288b\" data-element_type=\"widget\" data-widget_type=\"spacer.default\">\n\t\t\t\t<div class=\"elementor-widget-container\">\n\t\t\t\t\t\t\t<div class=\"elementor-spacer\">\n\t\t\t<div class=\"elementor-spacer-inner\"><\/div>\n\t\t<\/div>\n\t\t\t\t\t\t<\/div>\n\t\t\t\t<\/div>\n\t\t<div class=\"elementor-element elementor-element-1c77873 e-con-full elementor-hidden-mobile e-flex e-con e-child\" data-id=\"1c77873\" data-element_type=\"container\" data-settings=\"{&quot;_ha_eqh_enable&quot;:false}\">\n\t\t\t\t<div class=\"elementor-element elementor-element-08f79d0 elementor-widget elementor-widget-image\" data-id=\"08f79d0\" data-element_type=\"widget\" data-widget_type=\"image.default\">\n\t\t\t\t<div class=\"elementor-widget-container\">\n\t\t\t\t\t\t\t\t\t\t\t\t\t\t\t\t<a href=\"https:\/\/www.linkedin.com\/company\/nagyconsulting\/\" target=\"_blank\">\n\t\t\t\t\t\t\t<img decoding=\"async\" width=\"36\" height=\"37\" src=\"https:\/\/nagyconsulting.com.br\/wp-content\/uploads\/2025\/06\/linkedin.webp\" class=\"attachment-large size-large wp-image-4236\" alt=\"\" \/>\t\t\t\t\t\t\t\t<\/a>\n\t\t\t\t\t\t\t\t\t\t\t\t\t\t\t<\/div>\n\t\t\t\t<\/div>\n\t\t\t\t<div class=\"elementor-element elementor-element-7ec298d elementor-widget elementor-widget-image\" data-id=\"7ec298d\" data-element_type=\"widget\" data-widget_type=\"image.default\">\n\t\t\t\t<div class=\"elementor-widget-container\">\n\t\t\t\t\t\t\t\t\t\t\t\t\t\t\t\t<a href=\"https:\/\/www.instagram.com\/nagyconsulting\/\" target=\"_blank\">\n\t\t\t\t\t\t\t<img decoding=\"async\" width=\"37\" height=\"37\" src=\"https:\/\/nagyconsulting.com.br\/wp-content\/uploads\/2025\/06\/instagram.webp\" class=\"attachment-large size-large wp-image-4234\" alt=\"\" \/>\t\t\t\t\t\t\t\t<\/a>\n\t\t\t\t\t\t\t\t\t\t\t\t\t\t\t<\/div>\n\t\t\t\t<\/div>\n\t\t\t\t<\/div>\n\t\t\t\t<\/div>\n\t\t\t\t<\/div>\n\t\t\t\t<\/div>\n\t\t\t\t<div class=\"elementor-element elementor-element-44fc7d8 elementor-hidden-desktop elementor-hidden-laptop elementor-hidden-tablet elementor-widget elementor-widget-text-editor\" data-id=\"44fc7d8\" data-element_type=\"widget\" data-widget_type=\"text-editor.default\">\n\t\t\t\t<div class=\"elementor-widget-container\">\n\t\t\t\t\t\t\t\t\t<p>Atendemos de forma presencial en la Esta\u00e7\u00e3o Coworking en Pinheiros, S\u00e3o Paulo. Agenda tu cita con antelaci\u00f3n a trav\u00e9s de nuestros canales de contacto.<\/p>\t\t\t\t\t\t\t\t<\/div>\n\t\t\t\t<\/div>\n\t\t\t\t<div class=\"elementor-element elementor-element-d2eeda0 elementor-widget elementor-widget-google_maps\" data-id=\"d2eeda0\" data-element_type=\"widget\" data-widget_type=\"google_maps.default\">\n\t\t\t\t<div class=\"elementor-widget-container\">\n\t\t\t\t\t\t\t<div class=\"elementor-custom-embed\">\n\t\t\t<iframe loading=\"lazy\"\n\t\t\t\t\tsrc=\"https:\/\/maps.google.com\/maps?q=esta%C3%A7%C3%A3o%20casa%20macunis&#038;t=m&#038;z=15&#038;output=embed&#038;iwloc=near\"\n\t\t\t\t\ttitle=\"esta\u00e7\u00e3o casa macunis\"\n\t\t\t\t\taria-label=\"esta\u00e7\u00e3o casa macunis\"\n\t\t\t><\/iframe>\n\t\t<\/div>\n\t\t\t\t\t\t<\/div>\n\t\t\t\t<\/div>\n\t\t\t\t<\/div>\n\t\t\t\t\t<\/div>\n\t\t\t\t<\/div>\n\t\t\t\t<\/div>\n\t\t","protected":false},"excerpt":{"rendered":"<p>contacto Cont\u00e1ctanos a trav\u00e9s de nuestros canales o llena el formulario a continuaci\u00f3n contacto Atendemos de forma presencial en la Esta\u00e7\u00e3o Coworking en Pinheiros, S\u00e3o Paulo. Agenda tu cita con antelaci\u00f3n a trav\u00e9s de nuestros canales de contacto. (11) 99100 0612 contato@nagyconsulting.com.br Atendemos de forma presencial en la Esta\u00e7\u00e3o Coworking en Pinheiros, S\u00e3o Paulo. Agenda [&hellip;]<\/p>\n","protected":false},"author":1,"featured_media":0,"parent":0,"menu_order":0,"comment_status":"closed","ping_status":"closed","template":"elementor_header_footer","meta":{"_joinchat":[],"footnotes":""},"class_list":["post-5771","page","type-page","status-publish","hentry"],"yoast_head":"<!-- This site is optimized with the Yoast SEO plugin v26.9 - https:\/\/yoast.com\/product\/yoast-seo-wordpress\/ -->\n<title>contacto - Nagy Consulting<\/title>\n<meta name=\"robots\" content=\"index, follow, max-snippet:-1, max-image-preview:large, max-video-preview:-1\" \/>\n<link rel=\"canonical\" href=\"https:\/\/nagyconsulting.com.br\/es\/contacto\/\" \/>\n<meta property=\"og:locale\" content=\"es_ES\" \/>\n<meta property=\"og:type\" content=\"article\" \/>\n<meta property=\"og:title\" content=\"contacto - Nagy Consulting\" \/>\n<meta property=\"og:description\" content=\"contacto Cont\u00e1ctanos a trav\u00e9s de nuestros canales o llena el formulario a continuaci\u00f3n contacto Atendemos de forma presencial en la Esta\u00e7\u00e3o Coworking en Pinheiros, S\u00e3o Paulo. Agenda tu cita con antelaci\u00f3n a trav\u00e9s de nuestros canales de contacto. (11) 99100 0612 contato@nagyconsulting.com.br Atendemos de forma presencial en la Esta\u00e7\u00e3o Coworking en Pinheiros, S\u00e3o Paulo. Agenda [&hellip;]\" \/>\n<meta property=\"og:url\" content=\"https:\/\/nagyconsulting.com.br\/es\/contacto\/\" \/>\n<meta property=\"og:site_name\" content=\"Nagy Consulting\" \/>\n<meta property=\"article:modified_time\" content=\"2025-07-06T00:28:54+00:00\" \/>\n<meta property=\"og:image\" content=\"https:\/\/nagyconsulting.com.br\/wp-content\/uploads\/2025\/06\/linkedin.webp\" \/>\n\t<meta property=\"og:image:width\" content=\"36\" \/>\n\t<meta property=\"og:image:height\" content=\"37\" \/>\n\t<meta property=\"og:image:type\" content=\"image\/webp\" \/>\n<meta name=\"twitter:card\" content=\"summary_large_image\" \/>\n<script type=\"application\/ld+json\" class=\"yoast-schema-graph\">{\"@context\":\"https:\/\/schema.org\",\"@graph\":[{\"@type\":\"WebPage\",\"@id\":\"https:\/\/nagyconsulting.com.br\/es\/contacto\/\",\"url\":\"https:\/\/nagyconsulting.com.br\/es\/contacto\/\",\"name\":\"contacto - Nagy Consulting\",\"isPartOf\":{\"@id\":\"https:\/\/nagyconsulting.com.br\/es\/#website\"},\"primaryImageOfPage\":{\"@id\":\"https:\/\/nagyconsulting.com.br\/es\/contacto\/#primaryimage\"},\"image\":{\"@id\":\"https:\/\/nagyconsulting.com.br\/es\/contacto\/#primaryimage\"},\"thumbnailUrl\":\"https:\/\/nagyconsulting.com.br\/wp-content\/uploads\/2025\/06\/linkedin.webp\",\"datePublished\":\"2025-06-18T15:02:26+00:00\",\"dateModified\":\"2025-07-06T00:28:54+00:00\",\"breadcrumb\":{\"@id\":\"https:\/\/nagyconsulting.com.br\/es\/contacto\/#breadcrumb\"},\"inLanguage\":\"es\",\"potentialAction\":[{\"@type\":\"ReadAction\",\"target\":[\"https:\/\/nagyconsulting.com.br\/es\/contacto\/\"]}]},{\"@type\":\"ImageObject\",\"inLanguage\":\"es\",\"@id\":\"https:\/\/nagyconsulting.com.br\/es\/contacto\/#primaryimage\",\"url\":\"https:\/\/nagyconsulting.com.br\/wp-content\/uploads\/2025\/06\/linkedin.webp\",\"contentUrl\":\"https:\/\/nagyconsulting.com.br\/wp-content\/uploads\/2025\/06\/linkedin.webp\"},{\"@type\":\"BreadcrumbList\",\"@id\":\"https:\/\/nagyconsulting.com.br\/es\/contacto\/#breadcrumb\",\"itemListElement\":[{\"@type\":\"ListItem\",\"position\":1,\"name\":\"In\u00edcio\",\"item\":\"https:\/\/nagyconsulting.com.br\/es\/nagy-consulting-home\/\"},{\"@type\":\"ListItem\",\"position\":2,\"name\":\"contacto\"}]},{\"@type\":\"WebSite\",\"@id\":\"https:\/\/nagyconsulting.com.br\/es\/#website\",\"url\":\"https:\/\/nagyconsulting.com.br\/es\/\",\"name\":\"Nagy Consulting\",\"description\":\"\",\"publisher\":{\"@id\":\"https:\/\/nagyconsulting.com.br\/es\/#organization\"},\"potentialAction\":[{\"@type\":\"SearchAction\",\"target\":{\"@type\":\"EntryPoint\",\"urlTemplate\":\"https:\/\/nagyconsulting.com.br\/es\/?s={search_term_string}\"},\"query-input\":{\"@type\":\"PropertyValueSpecification\",\"valueRequired\":true,\"valueName\":\"search_term_string\"}}],\"inLanguage\":\"es\"},{\"@type\":\"Organization\",\"@id\":\"https:\/\/nagyconsulting.com.br\/es\/#organization\",\"name\":\"Nagy Consulting\",\"url\":\"https:\/\/nagyconsulting.com.br\/es\/\",\"logo\":{\"@type\":\"ImageObject\",\"inLanguage\":\"es\",\"@id\":\"https:\/\/nagyconsulting.com.br\/es\/#\/schema\/logo\/image\/\",\"url\":\"https:\/\/nagyconsulting.com.br\/wp-content\/uploads\/2023\/03\/logo-nagy1.png\",\"contentUrl\":\"https:\/\/nagyconsulting.com.br\/wp-content\/uploads\/2023\/03\/logo-nagy1.png\",\"width\":253,\"height\":64,\"caption\":\"Nagy Consulting\"},\"image\":{\"@id\":\"https:\/\/nagyconsulting.com.br\/es\/#\/schema\/logo\/image\/\"}}]}<\/script>\n<!-- \/ Yoast SEO plugin. -->","yoast_head_json":{"title":"contacto - Nagy Consulting","robots":{"index":"index","follow":"follow","max-snippet":"max-snippet:-1","max-image-preview":"max-image-preview:large","max-video-preview":"max-video-preview:-1"},"canonical":"https:\/\/nagyconsulting.com.br\/es\/contacto\/","og_locale":"es_ES","og_type":"article","og_title":"contacto - Nagy Consulting","og_description":"contacto Cont\u00e1ctanos a trav\u00e9s de nuestros canales o llena el formulario a continuaci\u00f3n contacto Atendemos de forma presencial en la Esta\u00e7\u00e3o Coworking en Pinheiros, S\u00e3o Paulo. Agenda tu cita con antelaci\u00f3n a trav\u00e9s de nuestros canales de contacto. (11) 99100 0612 contato@nagyconsulting.com.br Atendemos de forma presencial en la Esta\u00e7\u00e3o Coworking en Pinheiros, S\u00e3o Paulo. Agenda [&hellip;]","og_url":"https:\/\/nagyconsulting.com.br\/es\/contacto\/","og_site_name":"Nagy Consulting","article_modified_time":"2025-07-06T00:28:54+00:00","og_image":[{"width":36,"height":37,"url":"https:\/\/nagyconsulting.com.br\/wp-content\/uploads\/2025\/06\/linkedin.webp","type":"image\/webp"}],"twitter_card":"summary_large_image","schema":{"@context":"https:\/\/schema.org","@graph":[{"@type":"WebPage","@id":"https:\/\/nagyconsulting.com.br\/es\/contacto\/","url":"https:\/\/nagyconsulting.com.br\/es\/contacto\/","name":"contacto - Nagy Consulting","isPartOf":{"@id":"https:\/\/nagyconsulting.com.br\/es\/#website"},"primaryImageOfPage":{"@id":"https:\/\/nagyconsulting.com.br\/es\/contacto\/#primaryimage"},"image":{"@id":"https:\/\/nagyconsulting.com.br\/es\/contacto\/#primaryimage"},"thumbnailUrl":"https:\/\/nagyconsulting.com.br\/wp-content\/uploads\/2025\/06\/linkedin.webp","datePublished":"2025-06-18T15:02:26+00:00","dateModified":"2025-07-06T00:28:54+00:00","breadcrumb":{"@id":"https:\/\/nagyconsulting.com.br\/es\/contacto\/#breadcrumb"},"inLanguage":"es","potentialAction":[{"@type":"ReadAction","target":["https:\/\/nagyconsulting.com.br\/es\/contacto\/"]}]},{"@type":"ImageObject","inLanguage":"es","@id":"https:\/\/nagyconsulting.com.br\/es\/contacto\/#primaryimage","url":"https:\/\/nagyconsulting.com.br\/wp-content\/uploads\/2025\/06\/linkedin.webp","contentUrl":"https:\/\/nagyconsulting.com.br\/wp-content\/uploads\/2025\/06\/linkedin.webp"},{"@type":"BreadcrumbList","@id":"https:\/\/nagyconsulting.com.br\/es\/contacto\/#breadcrumb","itemListElement":[{"@type":"ListItem","position":1,"name":"In\u00edcio","item":"https:\/\/nagyconsulting.com.br\/es\/nagy-consulting-home\/"},{"@type":"ListItem","position":2,"name":"contacto"}]},{"@type":"WebSite","@id":"https:\/\/nagyconsulting.com.br\/es\/#website","url":"https:\/\/nagyconsulting.com.br\/es\/","name":"Nagy Consulting","description":"","publisher":{"@id":"https:\/\/nagyconsulting.com.br\/es\/#organization"},"potentialAction":[{"@type":"SearchAction","target":{"@type":"EntryPoint","urlTemplate":"https:\/\/nagyconsulting.com.br\/es\/?s={search_term_string}"},"query-input":{"@type":"PropertyValueSpecification","valueRequired":true,"valueName":"search_term_string"}}],"inLanguage":"es"},{"@type":"Organization","@id":"https:\/\/nagyconsulting.com.br\/es\/#organization","name":"Nagy Consulting","url":"https:\/\/nagyconsulting.com.br\/es\/","logo":{"@type":"ImageObject","inLanguage":"es","@id":"https:\/\/nagyconsulting.com.br\/es\/#\/schema\/logo\/image\/","url":"https:\/\/nagyconsulting.com.br\/wp-content\/uploads\/2023\/03\/logo-nagy1.png","contentUrl":"https:\/\/nagyconsulting.com.br\/wp-content\/uploads\/2023\/03\/logo-nagy1.png","width":253,"height":64,"caption":"Nagy Consulting"},"image":{"@id":"https:\/\/nagyconsulting.com.br\/es\/#\/schema\/logo\/image\/"}}]}},"_links":{"self":[{"href":"https:\/\/nagyconsulting.com.br\/es\/wp-json\/wp\/v2\/pages\/5771","targetHints":{"allow":["GET"]}}],"collection":[{"href":"https:\/\/nagyconsulting.com.br\/es\/wp-json\/wp\/v2\/pages"}],"about":[{"href":"https:\/\/nagyconsulting.com.br\/es\/wp-json\/wp\/v2\/types\/page"}],"author":[{"embeddable":true,"href":"https:\/\/nagyconsulting.com.br\/es\/wp-json\/wp\/v2\/users\/1"}],"replies":[{"embeddable":true,"href":"https:\/\/nagyconsulting.com.br\/es\/wp-json\/wp\/v2\/comments?post=5771"}],"version-history":[{"count":3,"href":"https:\/\/nagyconsulting.com.br\/es\/wp-json\/wp\/v2\/pages\/5771\/revisions"}],"predecessor-version":[{"id":6467,"href":"https:\/\/nagyconsulting.com.br\/es\/wp-json\/wp\/v2\/pages\/5771\/revisions\/6467"}],"wp:attachment":[{"href":"https:\/\/nagyconsulting.com.br\/es\/wp-json\/wp\/v2\/media?parent=5771"}],"curies":[{"name":"wp","href":"https:\/\/api.w.org\/{rel}","templated":true}]}}